{"id":1090,"date":"2022-03-17T18:35:35","date_gmt":"2022-03-17T18:35:35","guid":{"rendered":"https:\/\/masterparfums.com\/our-retailers\/"},"modified":"2022-10-04T15:06:27","modified_gmt":"2022-10-04T15:06:27","slug":"our-retailers","status":"publish","type":"page","link":"https:\/\/masterparfums.com\/en\/our-retailers\/","title":{"rendered":"Our Retailers"},"content":{"rendered":"<div id=\"\" class=\"stores block\">\r\n\r\n            <div class=\"block_intro\">\r\n                            <div class=\"block_title\">\r\n                    Our Retailers                <\/div>\r\n                                        <div class=\"block_subtitle\">\r\n                    An award-winning board game for the whole family                <\/div>\r\n                    <\/div>\r\n    \r\n    \r\n        <div class=\"site_width\">\r\n\r\n            <h2>Pays de la Loire<\/h2><a href=\"https:\/\/masterparfums.com\/en\/revendeurs\/espace-culturel-e-leclerc-2\/\">Espace Culturel E.Leclerc Rez\u00e9<\/a><br><a href=\"https:\/\/masterparfums.com\/en\/revendeurs\/espace-culturel-e-leclerc\/\">Espace Culturel E.Leclerc Nantes<\/a><br>\r\n           \r\n\r\n        <\/div>\r\n\r\n    \r\n        <div class=\"site_width\">\r\n\r\n            <h2>Centre-Val de Loire<\/h2><a href=\"https:\/\/masterparfums.com\/en\/revendeurs\/e-leclerc-espace-culturel-2\/\">E.Leclerc Espace Culturel Chinon<\/a><br><a href=\"https:\/\/masterparfums.com\/en\/revendeurs\/cultura-librairie-9\/\">Cultura Librairie Tours<\/a><br><a href=\"https:\/\/masterparfums.com\/en\/revendeurs\/cultura-librairie-8\/\">Cultura Librairie  Saint-Maur<\/a><br>\r\n           \r\n\r\n        <\/div>\r\n\r\n    \r\n        <div class=\"site_width\">\r\n\r\n            <h2>Normandie<\/h2><a href=\"https:\/\/masterparfums.com\/en\/revendeurs\/leclerc-culturel-saint-martin-champs\/\">LECLERC CULTUREL SAINT MARTIN CHAMPS<\/a><br><a href=\"https:\/\/masterparfums.com\/en\/revendeurs\/librairie-larmitiere\/\">Librairie l&#8217;Armiti\u00e8re<\/a><br><a href=\"https:\/\/masterparfums.com\/en\/revendeurs\/espace-culturel-e-leclerc-4\/\">Espace Culturel E.Leclerc Yquelon<\/a><br><a href=\"https:\/\/masterparfums.com\/en\/revendeurs\/cultura-librairie-11\/\">Cultura Librairie<\/a><br><a href=\"https:\/\/masterparfums.com\/en\/revendeurs\/espace-culturel-e-leclerc-3\/\">Espace Culturel E.Leclerc<\/a><br><a href=\"https:\/\/masterparfums.com\/en\/revendeurs\/librairie-la-rose-des-vents\/\">Librairie La Rose des Vents<\/a><br><a href=\"https:\/\/masterparfums.com\/en\/revendeurs\/tribeca-40\/\">Tribeca 40<\/a><br>\r\n           \r\n\r\n        <\/div>\r\n\r\n    \r\n        <div class=\"site_width\">\r\n\r\n            <h2>Occitanie<\/h2><a href=\"https:\/\/masterparfums.com\/en\/revendeurs\/librairie-cultura-narbonne\/\">LIBRAIRIE CULTURA NARBONNE<\/a><br><a href=\"https:\/\/masterparfums.com\/en\/revendeurs\/cultura-librairie-12\/\">Cultura Librairie Rivesaltes<\/a><br><a href=\"https:\/\/masterparfums.com\/en\/revendeurs\/cultura-librairie-6\/\">Cultura Librairie B\u00e9ziers<\/a><br><a href=\"https:\/\/masterparfums.com\/en\/revendeurs\/cultura-librairie-5\/\">Cultura Librairie Saint-Aun\u00e8s<\/a><br><a href=\"https:\/\/masterparfums.com\/en\/revendeurs\/librairie-au-fil-des-mots\/\">Librairie Au Fil des Mots<\/a><br><a href=\"https:\/\/masterparfums.com\/en\/revendeurs\/cultura-librairie-4\/\">Cultura Librairie N\u00eemes<\/a><br><a href=\"https:\/\/masterparfums.com\/en\/revendeurs\/espace-culturel-hypermarche-e-leclerc\/\">Espace Culturel Hypermarche E.Leclerc<\/a><br><a href=\"https:\/\/masterparfums.com\/en\/revendeurs\/cultura-librairie-2\/\">Cultura Librairie Narbonne<\/a><br><a href=\"https:\/\/masterparfums.com\/en\/revendeurs\/librairie-maison-du-livre\/\">Librairie Maison du Livre<\/a><br>\r\n           \r\n\r\n        <\/div>\r\n\r\n    \r\n        <div class=\"site_width\">\r\n\r\n            <h2>Nouvelle Aquitaine<\/h2><a href=\"https:\/\/masterparfums.com\/en\/revendeurs\/librairie-cultura-brive\/\">LIBRAIRIE CULTURA  BRIVE<\/a><br><a href=\"https:\/\/masterparfums.com\/en\/revendeurs\/chateau-de-chamerolles\/\">CHATEAU DE CHAMEROLLES<\/a><br><a href=\"https:\/\/masterparfums.com\/en\/revendeurs\/essence-c\/\">ESSENCE C<\/a><br><a href=\"https:\/\/masterparfums.com\/en\/revendeurs\/espace-culturel-e-leclerc-5\/\">Espace Culturel E.Leclerc Saint-Junien<\/a><br><a href=\"https:\/\/masterparfums.com\/en\/revendeurs\/librairie-buroland\/\">Librairie Buroland<\/a><br><a href=\"https:\/\/masterparfums.com\/en\/revendeurs\/merchant-logo-la-librairie-des-chartrons\/\">Merchant Logo La Librairie des Chartrons<\/a><br><a href=\"https:\/\/masterparfums.com\/en\/revendeurs\/la-librairie-nouveau-chapitre\/\">La librairie Nouveau Chapitre<\/a><br><a href=\"https:\/\/masterparfums.com\/en\/revendeurs\/librairie-au-fil-des-mots\/\">Librairie Au Fil des Mots<\/a><br><a href=\"https:\/\/masterparfums.com\/en\/revendeurs\/librairie-mollat\/\">Librairie Mollat<\/a><br><a href=\"https:\/\/masterparfums.com\/en\/revendeurs\/la-parfumerie-bordelaise-2\/\">La parfumerie bordelaise<\/a><br>\r\n           \r\n\r\n        <\/div>\r\n\r\n    \r\n        <div class=\"site_width\">\r\n\r\n            <h2>Auvergne Rh\u00f4ne Alpes<\/h2><a href=\"https:\/\/masterparfums.com\/en\/revendeurs\/scop-librairie-des-volcans\/\">SCOP LIBRAIRIE DES VOLCANS<\/a><br><a href=\"https:\/\/masterparfums.com\/en\/revendeurs\/cultura-librairie-14\/\">Cultura Librairie Epagny<\/a><br><a href=\"https:\/\/masterparfums.com\/en\/revendeurs\/cultura-librairie-13\/\">Cultura Librairie<\/a><br><a href=\"https:\/\/masterparfums.com\/en\/revendeurs\/librairie-decitre\/\">Librairie Decitre<\/a><br><a href=\"https:\/\/masterparfums.com\/en\/revendeurs\/librairie-cadran-solaire\/\">Librairie Cadran Solaire<\/a><br><a href=\"https:\/\/masterparfums.com\/en\/revendeurs\/scop-librairie-les-volcans\/\">Scop Librairie Les Volcans<\/a><br><a href=\"https:\/\/masterparfums.com\/en\/revendeurs\/cultura-librairie-10\/\">Cultura Librairie Salaise-sur-Sanne<\/a><br><a href=\"https:\/\/masterparfums.com\/en\/revendeurs\/saint-antoine-labbaye-2\/\">Saint-Antoine l&#8217;Abbaye<\/a><br><a href=\"https:\/\/masterparfums.com\/en\/revendeurs\/librairie-goulard\/\">Librairie Goulard<\/a><br>\r\n           \r\n\r\n        <\/div>\r\n\r\n    \r\n        <div class=\"site_width\">\r\n\r\n            <h2>Provence-Alpes-C\u00f4te d&#8217;Azur.<\/h2><a href=\"https:\/\/masterparfums.com\/en\/revendeurs\/amours-etherees\/\">AMOURS \u00c9TH\u00c9R\u00c9ES<\/a><br><a href=\"https:\/\/masterparfums.com\/en\/revendeurs\/cultura-librairie-17\/\">Cultura Librairie Sorgues<\/a><br><a href=\"https:\/\/masterparfums.com\/en\/revendeurs\/cultura-librairie-16\/\">Cultura Librairie Puget-sur-Argens<\/a><br><a href=\"https:\/\/masterparfums.com\/en\/revendeurs\/librairie-prado-paradis\/\">Librairie Prado Paradis<\/a><br><a href=\"https:\/\/masterparfums.com\/en\/revendeurs\/cultura-librairie\/\">Cultura Librairie Nice<\/a><br><a href=\"https:\/\/masterparfums.com\/en\/revendeurs\/librarie-massena\/\">Librarie Massena<\/a><br><a href=\"https:\/\/masterparfums.com\/en\/revendeurs\/librairie-goulard\/\">Librairie Goulard<\/a><br><a href=\"https:\/\/masterparfums.com\/en\/revendeurs\/librairie-actes-sud-2\/\">Librairie Actes Sud<\/a><br><a href=\"https:\/\/masterparfums.com\/en\/revendeurs\/scentis-2\/\">Scentis<\/a><br><a href=\"https:\/\/masterparfums.com\/en\/revendeurs\/musee-internationale-de-la-parfumerie-international-perfume-museum\/\">Mus\u00e9e Internationale de la Parfumerie (International Perfume Museum)<\/a><br>\r\n           \r\n\r\n        <\/div>\r\n\r\n    \r\n        <div class=\"site_width\">\r\n\r\n            <h2>Hauts-de-France<\/h2><a href=\"https:\/\/masterparfums.com\/en\/revendeurs\/librairie-furet-du-nord-lille\/\">LIBRAIRIE FURET DU NORD LILLE<\/a><br><a href=\"https:\/\/masterparfums.com\/en\/revendeurs\/cultura-librairie-13\/\">Cultura Librairie<\/a><br><a href=\"https:\/\/masterparfums.com\/en\/revendeurs\/librairie-des-signes\/\">Librairie des Signes<\/a><br><a href=\"https:\/\/masterparfums.com\/en\/revendeurs\/librairie-furet-du-nord-3\/\">Librairie Furet du Nord<\/a><br><a href=\"https:\/\/masterparfums.com\/en\/revendeurs\/librairie-furet-du-nord\/\">Librairie Furet du Nord<\/a><br>\r\n           \r\n\r\n        <\/div>\r\n\r\n    \r\n        <div class=\"site_width\">\r\n\r\n            <h2>Bretagne<\/h2><a href=\"https:\/\/masterparfums.com\/en\/revendeurs\/cultura-librairie-7\/\">Cultura Librairie Saint-Gr\u00e9goire<\/a><br><a href=\"https:\/\/masterparfums.com\/en\/revendeurs\/e-leclerc-espace-culturel\/\">E-Leclerc Espace Culturel Landerneau<\/a><br><a href=\"https:\/\/masterparfums.com\/en\/revendeurs\/librairie-dialogues\/\">Librairie Dialogues<\/a><br><a href=\"https:\/\/masterparfums.com\/en\/revendeurs\/cultura-librairie-3\/\">Cultura Librairie Brest<\/a><br><a href=\"https:\/\/masterparfums.com\/en\/revendeurs\/librairie-la-cedille\/\">Librairie La C\u00e9dille<\/a><br>\r\n           \r\n\r\n        <\/div>\r\n\r\n    \r\n        <div class=\"site_width\">\r\n\r\n            \r\n                <h2>France<\/h2>\r\n\r\n                \r\n                        <h3>Centre- Val de Loire<\/h3>\r\n\r\n                        <div class=\"city_list\">\r\n\r\n                            \r\n                                <div class=\"sell_point\">\r\n                                    <h4>Cultura Librairie Tours<\/h4>\r\n                                    <address>Centre Commercial De, 37100 Tours, France<\/address>\r\n                                    <a href=\"https:\/\/www.cultura.com\/les-magasins\/cultura-tours.html\">Visit website<\/a>\r\n                                <\/div>\r\n\r\n                            \r\n                        <\/div>\r\n\r\n                    \r\n                        <h3>Grand Est<\/h3>\r\n\r\n                        <div class=\"city_list\">\r\n\r\n                            \r\n                                <div class=\"sell_point\">\r\n                                    <h4>LA LIBRAIRIE DU QUAI<\/h4>\r\n                                    <address>ENTREE LIVRES, 12 Rue Edmond Robin, 55100 Verdun, France<\/address>\r\n                                    <a href=\"\">Visit website<\/a>\r\n                                <\/div>\r\n\r\n                            \r\n                                <div class=\"sell_point\">\r\n                                    <h4>Furet du Nord Reims<\/h4>\r\n                                    <address>Galeries Lafayette, 33-45 Rue de Vesle 3e \u00e9tage, 51100 Reims, France<\/address>\r\n                                    <a href=\"https:\/\/www.furet.com\/nos-magasins\/reims\">Visit website<\/a>\r\n                                <\/div>\r\n\r\n                            \r\n                                <div class=\"sell_point\">\r\n                                    <h4>Librairie Papeterie Carnot<\/h4>\r\n                                    <address>14 Rue Carnot, 08200 Sedan, France<\/address>\r\n                                    <a href=\"https:\/\/www.pagesjaunes.fr\/pros\/55522098\">Visit website<\/a>\r\n                                <\/div>\r\n\r\n                            \r\n                        <\/div>\r\n\r\n                    \r\n                        <h3>Paris Region<\/h3>\r\n\r\n                        <div class=\"city_list\">\r\n\r\n                            \r\n                                <div class=\"sell_point\">\r\n                                    <h4>LIBRAIRIE CULTURA  4 TEMPS<\/h4>\r\n                                    <address>Centre Commercial Les 4 Temps, 92800 Puteaux, France<\/address>\r\n                                    <a href=\"\">Visit website<\/a>\r\n                                <\/div>\r\n\r\n                            \r\n                                <div class=\"sell_point\">\r\n                                    <h4>Cultura Librairie La Queue-en-Brie<\/h4>\r\n                                    <address> Av. de l&#8217;Hippodrome, 94510 La Queue-en-Brie, France<\/address>\r\n                                    <a href=\"\">Visit website<\/a>\r\n                                <\/div>\r\n\r\n                            \r\n                                <div class=\"sell_point\">\r\n                                    <h4>LIBRAIRIE LES VRAIES RICHESSES<\/h4>\r\n                                    <address>58 Grande Rue, 91260 Juvisy-sur-Orge, France<\/address>\r\n                                    <a href=\"https:\/\/www.lesvraiesrichesses.fr\/\">Visit website<\/a>\r\n                                <\/div>\r\n\r\n                            \r\n                                <div class=\"sell_point\">\r\n                                    <h4>LIBRAIRIE CENTRE POMPIDOU<\/h4>\r\n                                    <address>19 Rue Beaubourg, 75004 Paris, France\r\n75004 PARIS<\/address>\r\n                                    <a href=\"\">Visit website<\/a>\r\n                                <\/div>\r\n\r\n                            \r\n                                <div class=\"sell_point\">\r\n                                    <h4>Librairie Grand Cercle<\/h4>\r\n                                    <address><\/address>\r\n                                    <a href=\"\">Visit website<\/a>\r\n                                <\/div>\r\n\r\n                            \r\n                                <div class=\"sell_point\">\r\n                                    <h4>Cultura Librairie La Queue-en-Brie<\/h4>\r\n                                    <address>Av. de l&#8217;Hippodrome, 94510 La Queue-en-Brie, France<\/address>\r\n                                    <a href=\"https:\/\/www.cultura.com\/les-magasins\/cultura-pince-vent.html\">Visit website<\/a>\r\n                                <\/div>\r\n\r\n                            \r\n                                <div class=\"sell_point\">\r\n                                    <h4>Sits Pour al Kitab<\/h4>\r\n                                    <address><\/address>\r\n                                    <a href=\"\">Visit website<\/a>\r\n                                <\/div>\r\n\r\n                            \r\n                                <div class=\"sell_point\">\r\n                                    <h4>Librairie Le Pav\u00e9 dans la Mare<\/h4>\r\n                                    <address>Centre des Sept Mares, Pl. du Commerce, 78990 \u00c9lancourt, France<\/address>\r\n                                    <a href=\"http:\/\/www.pavemare.fr\/\">Visit website<\/a>\r\n                                <\/div>\r\n\r\n                            \r\n                                <div class=\"sell_point\">\r\n                                    <h4>Cultura Librairie Lieusaint<\/h4>\r\n                                    <address>Carr\u00e9 S\u00e9nart, 3 All. du Pr\u00e9ambule, 77127 Lieusaint, France<\/address>\r\n                                    <a href=\"https:\/\/www.cultura.com\/les-magasins\/cultura-carre-senart.html\">Visit website<\/a>\r\n                                <\/div>\r\n\r\n                            \r\n                                <div class=\"sell_point\">\r\n                                    <h4>Librairie Centre Pompidou<\/h4>\r\n                                    <address>19 Rue Beaubourg, 75004 Paris, France<\/address>\r\n                                    <a href=\"https:\/\/www.centrepompidou.fr\/fr\/offre-aux-professionnels\/publications-et-produits-derives\/points-de-vente\">Visit website<\/a>\r\n                                <\/div>\r\n\r\n                            \r\n                        <\/div>\r\n\r\n                    \r\n                        <h3>Ville la Grand<\/h3>\r\n\r\n                        <div class=\"city_list\">\r\n\r\n                            \r\n                                <div class=\"sell_point\">\r\n                                    <h4>Librairie Furet du Nort<\/h4>\r\n                                    <address><\/address>\r\n                                    <a href=\"\">Visit website<\/a>\r\n                                <\/div>\r\n\r\n                            \r\n                        <\/div>\r\n\r\n                    \r\n            \r\n           \r\n\r\n        <\/div>\r\n\r\n    \r\n        <div class=\"site_width\">\r\n\r\n            \r\n                <h2>Other Countries<\/h2>\r\n\r\n                \r\n                        <h3>United Kingdom<\/h3>\r\n\r\n                        <div class=\"city_list\">\r\n\r\n                            \r\n                                <div class=\"sell_point\">\r\n                                    <h4>Jovoy Mayfair<\/h4>\r\n                                    <address>21 conduit street, Mayfair, London W1S 2XP, Royaume-Uni<\/address>\r\n                                    <a href=\"https:\/\/www.jovoyparis.uk\/\">Visit website<\/a>\r\n                                <\/div>\r\n\r\n                            \r\n                        <\/div>\r\n\r\n                    \r\n                        <h3>Belgium<\/h3>\r\n\r\n                        <div class=\"city_list\">\r\n\r\n                            \r\n                                <div class=\"sell_point\">\r\n                                    <h4>Librairie Filigranes<\/h4>\r\n                                    <address>Av. des Arts 39, 1040 Bruxelles, Belgium<\/address>\r\n                                    <a href=\"http:\/\/www.filigranes.be\/\">Visit website<\/a>\r\n                                <\/div>\r\n\r\n                            \r\n                                <div class=\"sell_point\">\r\n                                    <h4>L&#8217;antichambre<\/h4>\r\n                                    <address>13 place George Brugmann, 1050 Bruxelles, Belgique<\/address>\r\n                                    <a href=\"https:\/\/www.l-antichambre.com\/\">Visit website<\/a>\r\n                                <\/div>\r\n\r\n                            \r\n                        <\/div>\r\n\r\n                    \r\n                        <h3>USA<\/h3>\r\n\r\n                        <div class=\"city_list\">\r\n\r\n                            \r\n                                <div class=\"sell_point\">\r\n                                    <h4>PERFUMOLOGY<\/h4>\r\n                                    <address>25 N 3rd St, Philadelphia, PA 19106, \u00c9tats-Unis<\/address>\r\n                                    <a href=\"https:\/\/perfumology.com\/\">Visit website<\/a>\r\n                                <\/div>\r\n\r\n                            \r\n                                <div class=\"sell_point\">\r\n                                    <h4>PERFUMOLOGY<\/h4>\r\n                                    <address>25 N 3rd St, Philadelphia, PA 19106, \u00c9tats-Unis<\/address>\r\n                                    <a href=\"https:\/\/perfumology.com\/\">Visit website<\/a>\r\n                                <\/div>\r\n\r\n                            \r\n                                <div class=\"sell_point\">\r\n                                    <h4>ZGO PERFUMERY<\/h4>\r\n                                    <address>600 Castro St, San Francisco,\r\nCA 94114, United States<\/address>\r\n                                    <a href=\"https:\/\/zgoperfumery.com\">Visit website<\/a>\r\n                                <\/div>\r\n\r\n                            \r\n                                <div class=\"sell_point\">\r\n                                    <h4>Enfleurage<\/h4>\r\n                                    <address>237 W 13th St, New York, NY 10011, \u00c9tats-Unis<\/address>\r\n                                    <a href=\"\">Visit website<\/a>\r\n                                <\/div>\r\n\r\n                            \r\n                                <div class=\"sell_point\">\r\n                                    <h4>Fumerie parfumerie<\/h4>\r\n                                    <address>3584 SE Division Street, OR 97202, USA<\/address>\r\n                                    <a href=\"https:\/\/fumerie.com\/\">Visit website<\/a>\r\n                                <\/div>\r\n\r\n                            \r\n                                <div class=\"sell_point\">\r\n                                    <h4>Osme perfumery<\/h4>\r\n                                    <address>50 NW 24th St Unit 111 MIAMI,FL 33127<\/address>\r\n                                    <a href=\"https:\/\/www.osmeperfumery.com\/\">Visit website<\/a>\r\n                                <\/div>\r\n\r\n                            \r\n                        <\/div>\r\n\r\n                    \r\n                        <h3>Germany<\/h3>\r\n\r\n                        <div class=\"city_list\">\r\n\r\n                            \r\n                                <div class=\"sell_point\">\r\n                                    <h4>Musette Shop<\/h4>\r\n                                    <address>Westbahnstra\u00dfe 50,\r\n1070 Wien<\/address>\r\n                                    <a href=\"\">Visit website<\/a>\r\n                                <\/div>\r\n\r\n                            \r\n                        <\/div>\r\n\r\n                    \r\n            \r\n           \r\n\r\n        <\/div>\r\n\r\n    \r\n<\/div>","protected":false},"excerpt":{"rendered":"","protected":false},"author":1,"featured_media":0,"parent":0,"menu_order":31,"comment_status":"closed","ping_status":"closed","template":"","meta":{"_acf_changed":false,"footnotes":""},"class_list":["post-1090","page","type-page","status-publish","hentry"],"acf":[],"yoast_head":"<!-- This site is optimized with the Yoast SEO plugin v23.8 - https:\/\/yoast.com\/wordpress\/plugins\/seo\/ -->\n<title>Our Retailers - Master Parfums<\/title>\n<meta name=\"robots\" content=\"index, follow, max-snippet:-1, max-image-preview:large, max-video-preview:-1\" \/>\n<link rel=\"canonical\" href=\"https:\/\/masterparfums.com\/en\/our-retailers\/\" \/>\n<meta property=\"og:locale\" content=\"en_US\" \/>\n<meta property=\"og:type\" content=\"article\" \/>\n<meta property=\"og:title\" content=\"Our Retailers - Master Parfums\" \/>\n<meta property=\"og:url\" content=\"https:\/\/masterparfums.com\/en\/our-retailers\/\" \/>\n<meta property=\"og:site_name\" content=\"Master Parfums\" \/>\n<meta property=\"article:modified_time\" content=\"2022-10-04T15:06:27+00:00\" \/>\n<meta name=\"twitter:card\" content=\"summary_large_image\" \/>\n<script type=\"application\/ld+json\" class=\"yoast-schema-graph\">{\"@context\":\"https:\/\/schema.org\",\"@graph\":[{\"@type\":\"WebPage\",\"@id\":\"https:\/\/masterparfums.com\/en\/our-retailers\/\",\"url\":\"https:\/\/masterparfums.com\/en\/our-retailers\/\",\"name\":\"Our Retailers - Master Parfums\",\"isPartOf\":{\"@id\":\"https:\/\/masterparfums.com\/en\/#website\"},\"datePublished\":\"2022-03-17T18:35:35+00:00\",\"dateModified\":\"2022-10-04T15:06:27+00:00\",\"inLanguage\":\"en-US\",\"potentialAction\":[{\"@type\":\"ReadAction\",\"target\":[\"https:\/\/masterparfums.com\/en\/our-retailers\/\"]}]},{\"@type\":\"WebSite\",\"@id\":\"https:\/\/masterparfums.com\/en\/#website\",\"url\":\"https:\/\/masterparfums.com\/en\/\",\"name\":\"Master Parfums\",\"description\":\"Le jeu qui vous met au parfum\",\"potentialAction\":[{\"@type\":\"SearchAction\",\"target\":{\"@type\":\"EntryPoint\",\"urlTemplate\":\"https:\/\/masterparfums.com\/en\/?s={search_term_string}\"},\"query-input\":{\"@type\":\"PropertyValueSpecification\",\"valueRequired\":true,\"valueName\":\"search_term_string\"}}],\"inLanguage\":\"en-US\"}]}<\/script>\n<!-- \/ Yoast SEO plugin. -->","yoast_head_json":{"title":"Our Retailers - Master Parfums","robots":{"index":"index","follow":"follow","max-snippet":"max-snippet:-1","max-image-preview":"max-image-preview:large","max-video-preview":"max-video-preview:-1"},"canonical":"https:\/\/masterparfums.com\/en\/our-retailers\/","og_locale":"en_US","og_type":"article","og_title":"Our Retailers - Master Parfums","og_url":"https:\/\/masterparfums.com\/en\/our-retailers\/","og_site_name":"Master Parfums","article_modified_time":"2022-10-04T15:06:27+00:00","twitter_card":"summary_large_image","schema":{"@context":"https:\/\/schema.org","@graph":[{"@type":"WebPage","@id":"https:\/\/masterparfums.com\/en\/our-retailers\/","url":"https:\/\/masterparfums.com\/en\/our-retailers\/","name":"Our Retailers - Master Parfums","isPartOf":{"@id":"https:\/\/masterparfums.com\/en\/#website"},"datePublished":"2022-03-17T18:35:35+00:00","dateModified":"2022-10-04T15:06:27+00:00","inLanguage":"en-US","potentialAction":[{"@type":"ReadAction","target":["https:\/\/masterparfums.com\/en\/our-retailers\/"]}]},{"@type":"WebSite","@id":"https:\/\/masterparfums.com\/en\/#website","url":"https:\/\/masterparfums.com\/en\/","name":"Master Parfums","description":"Le jeu qui vous met au parfum","potentialAction":[{"@type":"SearchAction","target":{"@type":"EntryPoint","urlTemplate":"https:\/\/masterparfums.com\/en\/?s={search_term_string}"},"query-input":{"@type":"PropertyValueSpecification","valueRequired":true,"valueName":"search_term_string"}}],"inLanguage":"en-US"}]}},"_links":{"self":[{"href":"https:\/\/masterparfums.com\/en\/wp-json\/wp\/v2\/pages\/1090"}],"collection":[{"href":"https:\/\/masterparfums.com\/en\/wp-json\/wp\/v2\/pages"}],"about":[{"href":"https:\/\/masterparfums.com\/en\/wp-json\/wp\/v2\/types\/page"}],"author":[{"embeddable":true,"href":"https:\/\/masterparfums.com\/en\/wp-json\/wp\/v2\/users\/1"}],"replies":[{"embeddable":true,"href":"https:\/\/masterparfums.com\/en\/wp-json\/wp\/v2\/comments?post=1090"}],"version-history":[{"count":1,"href":"https:\/\/masterparfums.com\/en\/wp-json\/wp\/v2\/pages\/1090\/revisions"}],"predecessor-version":[{"id":1092,"href":"https:\/\/masterparfums.com\/en\/wp-json\/wp\/v2\/pages\/1090\/revisions\/1092"}],"wp:attachment":[{"href":"https:\/\/masterparfums.com\/en\/wp-json\/wp\/v2\/media?parent=1090"}],"curies":[{"name":"wp","href":"https:\/\/api.w.org\/{rel}","templated":true}]}}